{"id":881,"date":"2021-06-16T14:39:52","date_gmt":"2021-06-16T14:39:52","guid":{"rendered":"http:\/\/lamoianesa.com\/fabricacion\/"},"modified":"2021-06-16T14:40:45","modified_gmt":"2021-06-16T14:40:45","slug":"fabricacion","status":"publish","type":"page","link":"https:\/\/www.lamoianesa.com\/es\/fabricacion\/","title":{"rendered":"Fabricaci\u00f3n"},"content":{"rendered":"<p>[et_pb_section fb_built=\u00bb1&#8243; _builder_version=\u00bb4.9.3&#8243; _module_preset=\u00bbdefault\u00bb background_image=\u00bbhttp:\/\/lamoianesa.com\/wp-content\/uploads\/2021\/04\/fabricacio4LaMoianesa-scaled.jpg\u00bb parallax=\u00bbon\u00bb custom_margin=\u00bb||0px||false|false\u00bb custom_padding=\u00bb||274px||false|false\u00bb][\/et_pb_section][et_pb_section fb_built=\u00bb1&#8243; _builder_version=\u00bb4.9.3&#8243; _module_preset=\u00bbdefault\u00bb][et_pb_row _builder_version=\u00bb4.9.3&#8243; _module_preset=\u00bbdefault\u00bb min_height=\u00bb41.4px\u00bb][et_pb_column type=\u00bb4_4&#8243; _builder_version=\u00bb4.9.3&#8243; _module_preset=\u00bbdefault\u00bb][et_pb_text _builder_version=\u00bb4.9.3&#8243; _module_preset=\u00bbdefault\u00bb text_font=\u00bbFraunces|700|||||||\u00bb text_text_color=\u00bb#E02B20&#8243; text_font_size=\u00bb32px\u00bb text_orientation=\u00bbcenter\u00bb]<\/p>\n<p>Productos elaborados<\/p>\n<p>[\/et_pb_text][\/et_pb_column][\/et_pb_row][et_pb_row column_structure=\u00bb1_3,1_3,1_3&#8243; _builder_version=\u00bb4.9.3&#8243; _module_preset=\u00bbdefault\u00bb][et_pb_column type=\u00bb1_3&#8243; _builder_version=\u00bb4.9.3&#8243; _module_preset=\u00bbdefault\u00bb][et_pb_text _builder_version=\u00bb4.9.3&#8243; _module_preset=\u00bbdefault\u00bb text_font=\u00bbFraunces|300|||||||\u00bb text_font_size=\u00bb16px\u00bb text_orientation=\u00bbcenter\u00bb]<\/p>\n<p>Se elaboran principalmente pastas alimenticias de trigo duro 100% con una prote\u00edna suficiente para garantizar una pasta consistente y de calidad.<\/p>\n<p>[\/et_pb_text][\/et_pb_column][et_pb_column type=\u00bb1_3&#8243; _builder_version=\u00bb4.9.3&#8243; _module_preset=\u00bbdefault\u00bb][et_pb_text _builder_version=\u00bb4.9.3&#8243; _module_preset=\u00bbdefault\u00bb text_font=\u00bbFraunces|300|||||||\u00bb text_font_size=\u00bb16px\u00bb text_orientation=\u00bbcenter\u00bb]<\/p>\n<p>Tambi\u00e9n se elaboran otras especialidades de pasta integral, pasta de espelta, pasta con verduras, pasta con tinta de sepia, entre muchas otras variedades.<\/p>\n<p>[\/et_pb_text][\/et_pb_column][et_pb_column type=\u00bb1_3&#8243; _builder_version=\u00bb4.9.3&#8243; _module_preset=\u00bbdefault\u00bb][et_pb_text _builder_version=\u00bb4.9.3&#8243; _module_preset=\u00bbdefault\u00bb text_font=\u00bbFraunces|300|||||||\u00bb text_font_size=\u00bb16px\u00bb text_orientation=\u00bbcenter\u00bb]<\/p>\n<p>Gran parte de la producci\u00f3n de \u201cLa Moianesa\u201d es Ecol\u00f3gica y Certificada por el <strong>CCPAE<\/strong>.<\/p>\n<p>[\/et_pb_text][\/et_pb_column][\/et_pb_row][\/et_pb_section][et_pb_section fb_built=\u00bb1&#8243; fullwidth=\u00bbon\u00bb _builder_version=\u00bb4.9.3&#8243; _module_preset=\u00bbdefault\u00bb][et_pb_fullwidth_slider _builder_version=\u00bb4.9.3&#8243; _module_preset=\u00bbdefault\u00bb custom_padding=\u00bb||449px||false|false\u00bb][et_pb_slide _builder_version=\u00bb4.9.3&#8243; _module_preset=\u00bbdefault\u00bb background_enable_color=\u00bboff\u00bb background_image=\u00bbhttp:\/\/lamoianesa.com\/wp-content\/uploads\/2021\/04\/fabricacioLaMoianesa-scaled.jpg\u00bb background_enable_image=\u00bbon\u00bb sticky_transition=\u00bbon\u00bb][\/et_pb_slide][et_pb_slide _builder_version=\u00bb4.9.3&#8243; _module_preset=\u00bbdefault\u00bb background_enable_color=\u00bboff\u00bb background_image=\u00bbhttp:\/\/lamoianesa.com\/wp-content\/uploads\/2021\/04\/fabricacio2LaMoianesa-scaled.jpg\u00bb background_enable_image=\u00bbon\u00bb sticky_transition=\u00bbon\u00bb][\/et_pb_slide][et_pb_slide _builder_version=\u00bb4.9.3&#8243; _module_preset=\u00bbdefault\u00bb background_enable_color=\u00bboff\u00bb background_image=\u00bbhttp:\/\/lamoianesa.com\/wp-content\/uploads\/2021\/04\/fabricacio3LaMoianesa-scaled.jpg\u00bb background_enable_image=\u00bbon\u00bb sticky_transition=\u00bbon\u00bb][\/et_pb_slide][\/et_pb_fullwidth_slider][\/et_pb_section][et_pb_section fb_built=\u00bb1&#8243; _builder_version=\u00bb4.9.3&#8243; _module_preset=\u00bbdefault\u00bb][et_pb_row _builder_version=\u00bb4.9.3&#8243; _module_preset=\u00bbdefault\u00bb min_height=\u00bb41.4px\u00bb][et_pb_column type=\u00bb4_4&#8243; _builder_version=\u00bb4.9.3&#8243; _module_preset=\u00bbdefault\u00bb][et_pb_text _builder_version=\u00bb4.9.3&#8243; _module_preset=\u00bbdefault\u00bb text_font=\u00bbFraunces|700|||||||\u00bb text_text_color=\u00bb#E02B20&#8243; text_font_size=\u00bb32px\u00bb text_orientation=\u00bbcenter\u00bb]<\/p>\n<p>Proceso de fabricaci\u00f3n<\/p>\n<p>[\/et_pb_text][\/et_pb_column][\/et_pb_row][et_pb_row column_structure=\u00bb1_3,1_3,1_3&#8243; _builder_version=\u00bb4.9.3&#8243; _module_preset=\u00bbdefault\u00bb][et_pb_column type=\u00bb1_3&#8243; _builder_version=\u00bb4.9.3&#8243; _module_preset=\u00bbdefault\u00bb][et_pb_text _builder_version=\u00bb4.9.3&#8243; _module_preset=\u00bbdefault\u00bb text_font=\u00bbFraunces|300|||||||\u00bb text_font_size=\u00bb16px\u00bb text_orientation=\u00bbcenter\u00bb]<\/p>\n<p>Proceso de producci\u00f3n a peque\u00f1a escala utilizando m\u00e1quinas de 200 a 300 Kg.\/hora. Eso permite elaborar la pasta a la carta, al servicio de las industrias alimentarias.<\/p>\n<p>[\/et_pb_text][\/et_pb_column][et_pb_column type=\u00bb1_3&#8243; _builder_version=\u00bb4.9.3&#8243; _module_preset=\u00bbdefault\u00bb][et_pb_text _builder_version=\u00bb4.9.3&#8243; _module_preset=\u00bbdefault\u00bb text_font=\u00bbFraunces|300|||||||\u00bb text_font_size=\u00bb16px\u00bb text_orientation=\u00bbcenter\u00bb]<\/p>\n<p>El prensado se produce a baja presi\u00f3n mateniendo la calidad y las caracter\u00edsticas originales del trigo.<\/p>\n<p>[\/et_pb_text][\/et_pb_column][et_pb_column type=\u00bb1_3&#8243; _builder_version=\u00bb4.9.3&#8243; _module_preset=\u00bbdefault\u00bb][et_pb_text _builder_version=\u00bb4.9.3&#8243; _module_preset=\u00bbdefault\u00bb text_font=\u00bbFraunces|300|||||||\u00bb text_font_size=\u00bb16px\u00bb text_orientation=\u00bbcenter\u00bb]<\/p>\n<p>El proceso de secado lento a baja temperatura permite obtener todo el sabor de la pasta despu\u00e9s de la cocci\u00f3n. S\u00f3lo hace falta un chorrito de aceite al servir la pasta para disfrutar de una pasta de calidad.<\/p>\n<p>[\/et_pb_text][\/et_pb_column][\/et_pb_row][\/et_pb_section][et_pb_section fb_built=\u00bb1&#8243; fullwidth=\u00bbon\u00bb _builder_version=\u00bb4.9.3&#8243; _module_preset=\u00bbdefault\u00bb background_image=\u00bbhttp:\/\/lamoianesa.com\/wp-content\/uploads\/2021\/04\/empaquetatLaMoianesa-scaled.jpg\u00bb parallax=\u00bbon\u00bb custom_padding=\u00bb||471px||false|false\u00bb][\/et_pb_section][et_pb_section fb_built=\u00bb1&#8243; _builder_version=\u00bb4.9.3&#8243; _module_preset=\u00bbdefault\u00bb][et_pb_row _builder_version=\u00bb4.9.3&#8243; _module_preset=\u00bbdefault\u00bb min_height=\u00bb41.4px\u00bb][et_pb_column type=\u00bb4_4&#8243; _builder_version=\u00bb4.9.3&#8243; _module_preset=\u00bbdefault\u00bb][et_pb_text _builder_version=\u00bb4.9.3&#8243; _module_preset=\u00bbdefault\u00bb text_font=\u00bbFraunces|700|||||||\u00bb text_text_color=\u00bb#E02B20&#8243; text_font_size=\u00bb32px\u00bb text_orientation=\u00bbcenter\u00bb]<\/p>\n<p>Envasado<\/p>\n<p>[\/et_pb_text][\/et_pb_column][\/et_pb_row][et_pb_row column_structure=\u00bb1_5,3_5,1_5&#8243; _builder_version=\u00bb4.9.3&#8243; _module_preset=\u00bbdefault\u00bb min_height=\u00bb170px\u00bb custom_padding=\u00bb||0px|||\u00bb][et_pb_column type=\u00bb1_5&#8243; _builder_version=\u00bb4.9.3&#8243; _module_preset=\u00bbdefault\u00bb][\/et_pb_column][et_pb_column type=\u00bb3_5&#8243; _builder_version=\u00bb4.9.3&#8243; _module_preset=\u00bbdefault\u00bb][et_pb_text _builder_version=\u00bb4.9.3&#8243; _module_preset=\u00bbdefault\u00bb text_font=\u00bbFraunces|300|||||||\u00bb text_font_size=\u00bb16px\u00bb text_orientation=\u00bbcenter\u00bb]<\/p>\n<p>La Pasta se puede envasar en los formatos de 25 Kg., 5 Kg, 1 Kg, 500g. o 250g.<\/p>\n<p>[\/et_pb_text][\/et_pb_column][et_pb_column type=\u00bb1_5&#8243; _builder_version=\u00bb4.9.3&#8243; _module_preset=\u00bbdefault\u00bb][\/et_pb_column][\/et_pb_row][\/et_pb_section]<\/p>\n","protected":false},"excerpt":{"rendered":"<p>Productos elaboradosSe elaboran principalmente pastas alimenticias de trigo duro 100% con una prote\u00edna suficiente para garantizar una pasta consistente y de calidad.Tambi\u00e9n se elaboran otras especialidades de pasta integral, pasta de espelta, pasta con verduras, pasta con tinta de sepia, entre muchas otras variedades.Gran parte de la producci\u00f3n de \u201cLa Moianesa\u201d es Ecol\u00f3gica y Certificada [&hellip;]<\/p>\n","protected":false},"author":1,"featured_media":0,"parent":0,"menu_order":0,"comment_status":"closed","ping_status":"closed","template":"","meta":{"_et_pb_use_builder":"on","_et_pb_old_content":"","_et_gb_content_width":"","footnotes":""},"_links":{"self":[{"href":"https:\/\/www.lamoianesa.com\/es\/wp-json\/wp\/v2\/pages\/881"}],"collection":[{"href":"https:\/\/www.lamoianesa.com\/es\/wp-json\/wp\/v2\/pages"}],"about":[{"href":"https:\/\/www.lamoianesa.com\/es\/wp-json\/wp\/v2\/types\/page"}],"author":[{"embeddable":true,"href":"https:\/\/www.lamoianesa.com\/es\/wp-json\/wp\/v2\/users\/1"}],"replies":[{"embeddable":true,"href":"https:\/\/www.lamoianesa.com\/es\/wp-json\/wp\/v2\/comments?post=881"}],"version-history":[{"count":5,"href":"https:\/\/www.lamoianesa.com\/es\/wp-json\/wp\/v2\/pages\/881\/revisions"}],"predecessor-version":[{"id":886,"href":"https:\/\/www.lamoianesa.com\/es\/wp-json\/wp\/v2\/pages\/881\/revisions\/886"}],"wp:attachment":[{"href":"https:\/\/www.lamoianesa.com\/es\/wp-json\/wp\/v2\/media?parent=881"}],"curies":[{"name":"wp","href":"https:\/\/api.w.org\/{rel}","templated":true}]}}