{"id":894,"date":"2021-06-16T14:46:01","date_gmt":"2021-06-16T14:46:01","guid":{"rendered":"http:\/\/lamoianesa.com\/avis-legal\/"},"modified":"2021-06-16T14:46:19","modified_gmt":"2021-06-16T14:46:19","slug":"avis-legal","status":"publish","type":"page","link":"https:\/\/www.lamoianesa.com\/es\/avis-legal\/","title":{"rendered":"Av\u00eds legal"},"content":{"rendered":"<p>[et_pb_section fb_built=\u00bb1&#8243; _builder_version=\u00bb4.9.3&#8243; _module_preset=\u00bbdefault\u00bb][et_pb_row _builder_version=\u00bb4.9.3&#8243; _module_preset=\u00bbdefault\u00bb][et_pb_column type=\u00bb4_4&#8243; _builder_version=\u00bb4.9.3&#8243; _module_preset=\u00bbdefault\u00bb][et_pb_text _builder_version=\u00bb4.9.3&#8243; _module_preset=\u00bbdefault\u00bb text_font=\u00bbFraunces|700|||||||\u00bb text_text_color=\u00bb#e02b20&#8243; text_font_size=\u00bb28px\u00bb text_orientation=\u00bbcenter\u00bb hover_enabled=\u00bb0&#8243; sticky_enabled=\u00bb0&#8243;]<\/p>\n<p style=\"text-align: left\">Av\u00eds legal<\/p>\n<p>[\/et_pb_text][et_pb_text _builder_version=\u00bb4.9.3&#8243; _module_preset=\u00bbdefault\u00bb text_font=\u00bbFraunces|300|||||||\u00bb text_font_size=\u00bb21px\u00bb text_orientation=\u00bbcenter\u00bb hover_enabled=\u00bb0&#8243; locked=\u00bboff\u00bb sticky_enabled=\u00bb0&#8243;]<\/p>\n<p style=\"text-align: left\"><strong>Termes i condicions<\/strong><\/p>\n<p style=\"text-align: left\">En compliment de la Llei 34\/2002, de 11 de juliol, de Serveis de la Societat de la Informaci\u00f3 i de Comer\u00e7 Electr\u00f2nic (LSSI-CE), i d\u2019acord amb l\u2019exig\u00e8ncia de l\u2019article 10 de l\u2019esmentada Llei, s\u2019informa de les seg\u00fcents dades:<\/p>\n<p style=\"text-align: left\">El titular d\u2019aquest lloc web \u00e9s La Moianesa, S.L., amb CIF B60221363 i domicili social al Cam\u00ed de planella 08180 Moi\u00e0, Barcelona. L\u2019adre\u00e7a de correu electr\u00f2nic de contacte \u00e9s: info@lamoianesa.com.<\/p>\n<p style=\"text-align: left\">\n<p style=\"text-align: left\"><strong>Directrius de l\u2019usuari<\/strong><\/p>\n<p style=\"text-align: left\">La navegaci\u00f3, acc\u00e9s i \u00fas del lloc web de La Moianesa confereix la condici\u00f3 d\u2019usuari, per la que s\u2019accepten, des de la navegaci\u00f3 pel lloc web de La Moianesa, totes les condicions d\u2019\u00fas aqu\u00ed establertes sense perjudici de l\u2019aplicaci\u00f3 de la corresponent normativa d\u2019obligat compliment legal segons el cas.<\/p>\n<p style=\"text-align: left\">El lloc web de La Moianesa proporciona gran diversitat d\u2019informaci\u00f3, serveis i dades. L\u2019usuari assumeix la seva responsabilitat en l\u2019\u00fas correcte del lloc web. Aquesta responsabilitat s\u2019estendr\u00e0 a:<\/p>\n<p style=\"text-align: left\">\u2013 La veracitat i licitud de les informacions aportades per l\u2019usuari en els formularis facilitats per La Moianesa per l\u2019acc\u00e9s a determinats continguts o serveis oferts pel web.<\/p>\n<p style=\"text-align: left\">\u2013 L\u2019\u00fas de la informaci\u00f3, serveis i dades ofertes per La Moianesa contr\u00e0riament a all\u00f2 disposat per les presents condicions, la Llei, la moral, els bons costums o l\u2019ordre p\u00fablic, o que de qualsevol altre forma pugui suposar lesi\u00f3 dels drets de tercers o del mateix funcionament del lloc web.<\/p>\n<p style=\"text-align: left\">\n<p style=\"text-align: left\"><strong>Pol\u00edtica d\u2019enlla\u00e7os i exempcions de responsabilitat<\/strong><\/p>\n<p style=\"text-align: left\">La Moianesa no es fa responsable del contingut de les p\u00e0gines web a les que l\u2019usuari pugui accedir a trav\u00e9s dels enlla\u00e7os establerts a la plataforma i declara que en cap cas procedir\u00e0 a examinar o exercitar cap tipus de control sobre el contingut d\u2019altres p\u00e0gines de la xarxa. Aix\u00ed mateix, tampoc garanteix la disponibilitat t\u00e8cnica, exactitud, veracitat, validesa o legalitat de p\u00e0gines alienes a la seva propietat a les que es pugui accedir per mitj\u00e0 dels enlla\u00e7os.<\/p>\n<p style=\"text-align: left\">La Moianesa declara haver adoptat totes les mesures necess\u00e0ries per evitar qualsevol dany que, als usuaris dels seus llocs web, poguessin derivar-se de la navegaci\u00f3 pels seus llocs web. En conseq\u00fc\u00e8ncia, La Moianesa no es fa responsable, en cap cas, dels eventuals danys que pugui patir l\u2019usuari per la navegaci\u00f3 per Internet.<\/p>\n<p style=\"text-align: left\">\n<p style=\"text-align: left\"><strong>Vig\u00e8ncia del present text<\/strong><\/p>\n<p style=\"text-align: left\">La Moianesa es reserva el dret a realitzar les modificacions que consideri oportunes, sense previ av\u00eds, al contingut del lloc web. Tant en all\u00f2 referent als continguts dels llocs, com en les condicions d\u2019\u00fas d\u2019aquests. Aquestes modificacions es podran realitzar, a trav\u00e9s del lloc web, per qualsevol manera admissible en dret i seran de compliment obligat durant el temps que exclusivament estiguin publicades i a disposici\u00f3 als llocs web i fins que no siguin modificades per altres de posteriors.<\/p>\n<p style=\"text-align: left\">\n<p style=\"text-align: left\"><strong>Propietat intel\u00b7lectual i industrial<\/strong><\/p>\n<p style=\"text-align: left\">Tots els textos, imatges, continguts, logos, marques registrades o no, aix\u00ed com els mitjans i formes de presentaci\u00f3 i muntatge dels llocs web, s\u00f3n de titularitat origin\u00e0ria o derivativament de La Moianesa Conseq\u00fcentment s\u00f3n obres o continguts protegits com a propietat intel\u00b7lectual i\/o propietat industrial per l\u2019ordenament jur\u00eddic espanyol conforme el Reial Decret Legislatiu 1\/1996, de 12 d\u2019abril, pel qual s\u2019aprova el Text Ref\u00f3s de la Llei de Propietat Intel\u00b7lectual i per la Llei 17\/2001, de 7 de desembre, de Marques, essent-los a m\u00e9s a m\u00e9s aplicables tant la normativa espanyola af\u00ed i comunit\u00e0ria en els camps citats, com tractats internacionals relatius a la mat\u00e8ria i subscrits per Espanya.<\/p>\n<p style=\"text-align: left\">Tots els drets sobre els continguts estan reservats i queda prohibida expressament la reproducci\u00f3, distribuci\u00f3, comunicaci\u00f3 p\u00fablica, transformaci\u00f3 i\/o qualsevol modalitat d\u2019\u00fas, de la totalitat o part dels continguts dels llocs web sense el consentiment expr\u00e9s de La Moianesa.<\/p>\n<p style=\"text-align: left\">L\u2019usuari es compromet a respectar els drets de Propietat Intel\u00b7lectual i Industrial titularitat de La Moianesa. Podr\u00e0 visualitzar els elements del portal i fins i tot imprimir-los, copiar-los i emmagatzemar-los al disc dur del seu ordinador o en qualsevol altre suport f\u00edsic sempre que sigui \u00fanicament i exclusivament, per al seu \u00fas personal i privat. L\u2019usuari haur\u00e0 d\u2019abstenir-se de suprimir, alterar, eludir o manipular qualsevol dispositiu de protecci\u00f3 o sistema de seguretat que estigu\u00e9s instal\u00b7lat a les p\u00e0gines de La Moianesa.<\/p>\n<p style=\"text-align: left\">\n<p style=\"text-align: left\"><strong>Legislaci\u00f3 aplicable i jurisdicci\u00f3<\/strong><\/p>\n<p style=\"text-align: left\">La Moianesa es reserva aix\u00ed mateix la facultat de presentar les accions civils o penals que consideri oportunes per la utilitzaci\u00f3 indeguda de les seves p\u00e0gines web i continguts, o per l\u2019incompliment de les condicions presents.<\/p>\n<p style=\"text-align: left\">La relaci\u00f3 entre l\u2019usuari i el prestador es regir\u00e0 per la normativa vigent i d\u2019aplicaci\u00f3 en el territori espanyol. De sorgir qualsevol controv\u00e8rsia les parts podran sotmetre els seus conflictes a arbitratge o acudir a la jurisdicci\u00f3 ordin\u00e0ria complint amb les normes sobre jurisdicci\u00f3 i compet\u00e8ncia al respecte.<\/p>\n<p style=\"text-align: left\">\n<p style=\"text-align: left\">\n<p style=\"text-align: left\">\n<p style=\"text-align: left\">CAST<\/p>\n<p style=\"text-align: left\">\n<p style=\"text-align: left\"><strong>T\u00e9rminos y condiciones<\/strong><\/p>\n<p style=\"text-align: left\">En cumplimiento de la Ley 34\/2002, de 11 de julio, de Servicios de la Sociedad de la Informaci\u00f3n y de Comercio Electr\u00f3nico (LSSI-CE), y de acuerdo con la exigencia del art\u00edculo 10 de la citada Ley, se informa de los siguientes datos:<\/p>\n<p style=\"text-align: left\">El titular de este sitio web es La Moianesa, S.L., con CIF B60221363 y domicilio social en Cam\u00ed de planella 08180 Moi\u00e0, Barcelona. La direcci\u00f3n de correo electr\u00f3nico de contacto con la empresa es: info@lamoianesa.com.<\/p>\n<p style=\"text-align: left\">\n<p style=\"text-align: left\"><strong>Usuario y r\u00e9gimen de responsabilidades<\/strong><\/p>\n<p style=\"text-align: left\">La navegaci\u00f3n, acceso y uso por el sitio web de La Moianesa confiere la condici\u00f3n de usuario, por la que se aceptan, desde la navegaci\u00f3n por el sitio web de La Moianesa, todas las condiciones de uso aqu\u00ed establecidas sin perjuicio de la aplicaci\u00f3n de la correspondiente normativa de obligado cumplimiento legal seg\u00fan el caso.<\/p>\n<p style=\"text-align: left\">El sitio web de La Moianesa proporciona gran diversidad de informaci\u00f3n, servicios y datos. El usuario asume su responsabilidad en el uso correcto del sitio web. Esta responsabilidad se extender\u00e1 a:<\/p>\n<p style=\"text-align: left\">\u2013 La veracidad y licitud de las informaciones aportadas por el usuario en los formularios extendidos por La Moianesa para el acceso a ciertos contenidos o servicios ofrecidos por el web.<\/p>\n<p style=\"text-align: left\">\u2013 El uso de la informaci\u00f3n, servicios y datos ofrecidos por La Moianesa contrariamente a lo dispuesto por las presentes condiciones, la Ley, la moral, las buenas costumbres o el orden p\u00fablico, o que de cualquier otro modo puedan suponer lesi\u00f3n de los derechos de terceros o del mismo funcionamiento del sitio web.<\/p>\n<p style=\"text-align: left\">\n<p style=\"text-align: left\"><strong>Pol\u00edtica de enlaces y exenciones de responsabilidad<\/strong><\/p>\n<p style=\"text-align: left\">La Moianesa no se hace responsable del contenido de los sitios web a los que el usuario pueda acceder a trav\u00e9s de los enlaces establecidos en su sitio web y declara que en ning\u00fan caso proceder\u00e1 a examinar o ejercitar ning\u00fan tipo de control sobre el contenido de otros sitios de la red. Asimismo, tampoco garantizar\u00e1 la disponibilidad t\u00e9cnica, exactitud, veracidad, validez o legalidad de sitios ajenos a su propiedad a los que se pueda acceder por medio de los enlaces.<\/p>\n<p style=\"text-align: left\">La Moianesa declara haber adoptado todas las medidas necesarias para evitar cualquier da\u00f1o a los usuarios de su sitio web, que pudieran derivarse de la navegaci\u00f3n por su sitio web. En consecuencia, La Moianesa no se hace responsable, en ning\u00fan caso, de los eventuales da\u00f1os que por la navegaci\u00f3n por Internet pudiera sufrir el usuario.<\/p>\n<p style=\"text-align: left\">\n<p style=\"text-align: left\"><strong>Modificaciones<\/strong><\/p>\n<p style=\"text-align: left\">La Moianesa se reserva el derecho a realizar las modificaciones que considere oportunas, sin aviso previo, en el contenido de su sitio web. Tanto en lo referente a los contenidos del sitio web, como en las condiciones de uso del mismo. Dichas modificaciones podr\u00e1n realizarse a trav\u00e9s de su sitio web por cualquier forma admisible en derecho y ser\u00e1n de obligado cumplimiento durante el tiempo en que se encuentren publicadas en la web y hasta que no sean modificadas v\u00e1lidamente por otras posteriores.<\/p>\n<p style=\"text-align: left\">\n<p style=\"text-align: left\"><strong>Propiedad intelectual e industrial<\/strong><\/p>\n<p style=\"text-align: left\">La Moianesa por s\u00ed misma o como cesionaria, es titular de todos los derechos de propiedad intelectual e industrial de su p\u00e1gina web, as\u00ed como de los elementos contenidos en la misma (a t\u00edtulo enunciativo, im\u00e1genes, sonido, audio, v\u00eddeo, software o textos; marcas o logotipos, combinaciones de colores, estructura y dise\u00f1o, selecci\u00f3n de materiales usados, programas de ordenador necesarios para su funcionamiento, acceso y uso, etc.), titularidad de La Moianesa. Ser\u00e1n, por consiguiente, obras protegidas como propiedad intelectual por el ordenamiento jur\u00eddico espa\u00f1ol, si\u00e9ndoles aplicables tanto la normativa espa\u00f1ola y comunitaria en este campo, como los tratados internacionales relativos a la materia y suscritos por Espa\u00f1a.<\/p>\n<p style=\"text-align: left\">Todos los derechos reservados. En virtud de lo dispuesto en los art\u00edculos 8 y 32.1, p\u00e1rrafo segundo, de la Ley de Propiedad Intelectual, quedan expresamente prohibidas la reproducci\u00f3n, la distribuci\u00f3n y la comunicaci\u00f3n p\u00fablica, incluida su modalidad de puesta a disposici\u00f3n, de la totalidad o parte de los contenidos de esta p\u00e1gina web, con fines comerciales, en cualquier soporte y por cualquier medio t\u00e9cnico, sin la autorizaci\u00f3n de La Moianesa.<\/p>\n<p style=\"text-align: left\">El usuario se compromete a respetar los derechos de Propiedad Intelectual e Industrial titularidad de La Moianesa. Podr\u00e1 visualizar los elementos del portal e incluso imprimirlos, copiarlos y almacenarlos en el disco duro de su ordenador o en cualquier otro soporte f\u00edsico siempre y cuando sea, \u00fanica y exclusivamente, para su uso personal y privado. El usuario deber\u00e1 abstenerse de suprimir, alterar, eludir o manipular cualquier dispositivo de protecci\u00f3n o sistema de seguridad que estuviera instalado en las p\u00e1ginas de La Moianesa.<\/p>\n<p style=\"text-align: left\">\n<p style=\"text-align: left\"><strong>Acciones legales, legislaci\u00f3n aplicable y jurisdicci\u00f3n<\/strong><\/p>\n<p style=\"text-align: left\">La Moianesa se reserva, asimismo, la facultad de presentar las acciones civiles o penales que considere oportunas por la utilizaci\u00f3n indebida de su sitio web y contenidos, o por el incumplimiento de las presentes condiciones.<\/p>\n<p style=\"text-align: left\">La relaci\u00f3n entre el usuario y el prestador se regir\u00e1 por la normativa vigente y de aplicaci\u00f3n en el territorio espa\u00f1ol. De surgir cualquier controversia las partes podr\u00e1n someter sus conflictos a arbitraje o acudir a la jurisdicci\u00f3n ordinaria cumpliendo con las normas sobre jurisdicci\u00f3n y competencia al respecto.<\/p>\n<p style=\"text-align: left\">\n<p style=\"text-align: left\">[\/et_pb_text][\/et_pb_column][\/et_pb_row][\/et_pb_section]<\/p>\n","protected":false},"excerpt":{"rendered":"<p>Av\u00eds legal Termes i condicions En compliment de la Llei 34\/2002, de 11 de juliol, de Serveis de la Societat de la Informaci\u00f3 i de Comer\u00e7 Electr\u00f2nic (LSSI-CE), i d\u2019acord amb l\u2019exig\u00e8ncia de l\u2019article 10 de l\u2019esmentada Llei, s\u2019informa de les seg\u00fcents dades: El titular d\u2019aquest lloc web \u00e9s La Moianesa, S.L., amb CIF B60221363 [&hellip;]<\/p>\n","protected":false},"author":1,"featured_media":0,"parent":0,"menu_order":0,"comment_status":"closed","ping_status":"closed","template":"","meta":{"_et_pb_use_builder":"on","_et_pb_old_content":"","_et_gb_content_width":"","footnotes":""},"_links":{"self":[{"href":"https:\/\/www.lamoianesa.com\/es\/wp-json\/wp\/v2\/pages\/894"}],"collection":[{"href":"https:\/\/www.lamoianesa.com\/es\/wp-json\/wp\/v2\/pages"}],"about":[{"href":"https:\/\/www.lamoianesa.com\/es\/wp-json\/wp\/v2\/types\/page"}],"author":[{"embeddable":true,"href":"https:\/\/www.lamoianesa.com\/es\/wp-json\/wp\/v2\/users\/1"}],"replies":[{"embeddable":true,"href":"https:\/\/www.lamoianesa.com\/es\/wp-json\/wp\/v2\/comments?post=894"}],"version-history":[{"count":4,"href":"https:\/\/www.lamoianesa.com\/es\/wp-json\/wp\/v2\/pages\/894\/revisions"}],"predecessor-version":[{"id":898,"href":"https:\/\/www.lamoianesa.com\/es\/wp-json\/wp\/v2\/pages\/894\/revisions\/898"}],"wp:attachment":[{"href":"https:\/\/www.lamoianesa.com\/es\/wp-json\/wp\/v2\/media?parent=894"}],"curies":[{"name":"wp","href":"https:\/\/api.w.org\/{rel}","templated":true}]}}