{"id":906,"date":"2021-06-16T14:48:16","date_gmt":"2021-06-16T14:48:16","guid":{"rendered":"http:\/\/lamoianesa.com\/politica-de-cookies\/"},"modified":"2021-06-16T14:48:26","modified_gmt":"2021-06-16T14:48:26","slug":"politica-de-cookies","status":"publish","type":"page","link":"https:\/\/www.lamoianesa.com\/es\/politica-de-cookies\/","title":{"rendered":"Pol\u00edtica de cookies"},"content":{"rendered":"<p>[et_pb_section fb_built=\u00bb1&#8243; _builder_version=\u00bb4.9.3&#8243; _module_preset=\u00bbdefault\u00bb][et_pb_row _builder_version=\u00bb4.9.3&#8243; _module_preset=\u00bbdefault\u00bb][et_pb_column type=\u00bb4_4&#8243; _builder_version=\u00bb4.9.3&#8243; _module_preset=\u00bbdefault\u00bb][et_pb_text _builder_version=\u00bb4.9.3&#8243; _module_preset=\u00bbdefault\u00bb text_font=\u00bbFraunces|700|||||||\u00bb text_text_color=\u00bb#e02b20&#8243; text_font_size=\u00bb28px\u00bb text_orientation=\u00bbcenter\u00bb hover_enabled=\u00bb0&#8243; sticky_enabled=\u00bb0&#8243;]<\/p>\n<p style=\"text-align: left\">Pol\u00edtica de cookies<\/p>\n<p>[\/et_pb_text][et_pb_text _builder_version=\u00bb4.9.3&#8243; _module_preset=\u00bbdefault\u00bb text_font=\u00bbFraunces|300|||||||\u00bb text_font_size=\u00bb21px\u00bb text_orientation=\u00bbcenter\u00bb hover_enabled=\u00bb0&#8243; locked=\u00bboff\u00bb sticky_enabled=\u00bb0&#8243;]<\/p>\n<p style=\"text-align: left\">Una Cookie \u00e9s un fitxer que es descarrega al seu ordinador en accedir a determinades p\u00e0gines web. Les cookies permeten a una p\u00e0gina web, entre altres coses, emmagatzemar i recuperar informaci\u00f3 sobre els h\u00e0bits de navegaci\u00f3 d\u2019un usuari o del seu equip i, depenent de la informaci\u00f3 que contingui i de la forma en qu\u00e8 utilitzi el seu equip, es poden utilitzar per recon\u00e8ixer l\u2019usuari.<\/p>\n<p style=\"text-align: left\">\n<p style=\"text-align: left\">Les cookies s\u00f3n essencials per al funcionament d\u2019internet, aportant innombrables avantatges en la prestaci\u00f3 de serveis interactius, facilitant la navegaci\u00f3 i usabilitat de la nostra web.<\/p>\n<p style=\"text-align: left\">\n<p style=\"text-align: left\">La informaci\u00f3 que li proporcionem a continuaci\u00f3, l\u2019ajudar\u00e0 a comprendre els diferents tipus de cookies:<\/p>\n<ol style=\"text-align: left\">\n<li>Segons l\u2019entitat que les gestioni<\/li>\n<\/ol>\n<p style=\"text-align: left\">Cookies pr\u00f2pies: S\u00f3n aquelles que es recullen pel mateix editor per prestar el servei sol\u00b7licitat per l\u2019usuari.<\/p>\n<p style=\"text-align: left\">Cookies de tercers: S\u00f3n aquelles que s\u00f3n recollides i gestionades per un tercer, aquestes no es poden considerar pr\u00f2pies.<\/p>\n<p style=\"text-align: left\">\n<ol start=\"2\" style=\"text-align: left\">\n<li>Segons el temps que romandr\u00e0n actives<\/li>\n<\/ol>\n<p style=\"text-align: left\">Cookies de sessi\u00f3: Recullen dades mentre l\u2019usuari navega per la xarxa amb la finalitat de prestar el servei sol\u00b7licitat.<\/p>\n<p style=\"text-align: left\">Cookies persistents: S\u2019emmagatzemen en el terminal i la informaci\u00f3 obtinguda, ser\u00e0 utilitzada pel responsable de la cookie amb la finalitat de prestar el servei sol\u00b7licitat.<\/p>\n<p style=\"text-align: left\">\n<ol start=\"3\" style=\"text-align: left\">\n<li>Segons la seva finalitat<\/li>\n<\/ol>\n<p style=\"text-align: left\">Cookies t\u00e8cniques: S\u00f3n les necess\u00e0ries per a la correcta navegaci\u00f3 per la web.<\/p>\n<p style=\"text-align: left\">Cookies de personalitzaci\u00f3: Permeten a l\u2019usuari les caracter\u00edstiques (idioma) per a la navegaci\u00f3 per la web.<\/p>\n<p style=\"text-align: left\">Cookies d\u2019an\u00e0lisi: Permeten al prestador l\u2019an\u00e0lisi vinculat a la navegaci\u00f3 realitzada per l\u2019usuari, amb la finalitat de portar un seguiment d\u2019\u00fas de la p\u00e0gina web, aix\u00ed com realitzar estad\u00edstiques dels continguts m\u00e9s visitats, nombre de visitants, etc.<\/p>\n<p style=\"text-align: left\">Cookies publicit\u00e0ries: Permeten a l\u2019editor incloure a la web, espais publicitaris, segons el contingut de la mateixa web.<\/p>\n<p style=\"text-align: left\">Cookies de publicitat comportamental: Permeten a l\u2019editor incloure a la p\u00e0gina web espais publicitaris segons la informaci\u00f3 obtinguda a trav\u00e9s dels h\u00e0bits de navegaci\u00f3 de l\u2019usuari.<\/p>\n<p style=\"text-align: left\">\n<p style=\"text-align: left\">Segons el que disposa l\u2019article 22.2 de la Llei 34\/2002, de 11 de juliol, de Serveis de la Societat de la Informaci\u00f3 i de Comer\u00e7 Electr\u00f2nic (LSSI-CE), La Moianesa informa de les cookies utilitzades en la nostra web: Cookies d\u2019an\u00e0lisi de tercers.<\/p>\n<p style=\"text-align: left\">\n<p style=\"text-align: left\">L\u2019informem que el lloc web utilitza Google Analytics, un servei d\u2019anal\u00edtica web prestat per Google Inc, el qual situa una s\u00e8rie de cookies al seu dispositiu amb l\u2019exclusiva finalitat d\u2019avaluar el tipus de navegaci\u00f3 i presentar informes d\u2019activitat en la website, exactament s\u00f3n quatre cookies per defecte.<\/p>\n<p style=\"text-align: left\">\n<p style=\"text-align: left\">La captaci\u00f3 de la informaci\u00f3 sobre l\u2019\u00fas d\u2019aquest lloc web pels nostres usuaris a trav\u00e9s de Google Analytics nom\u00e9s la fa Google Inc. en nom (i no ho fa ni en el nostre nom ni pel nostre compte), no tenint acc\u00e9s a cap moment a aquesta informaci\u00f3 (sin\u00f3 tan sols a informaci\u00f3 agregada que li facilita posteriorment Google i que no est\u00e0 associada a cap adre\u00e7a IP). Aix\u00ed mateix \u00e9s Google qui determina la finalitat del tractament i \u00fas de la informaci\u00f3 captada, aix\u00ed com el funcionament i durada de les cookies. Google Inc \u00e9s una empresa adherida a l\u2019Acord de Port Segur (Fitxa de registre de Google en l\u2019Acord de Port Segur) que emmagatzema la informaci\u00f3 recollida per les cookies en els seus servidors als Estats Units. Les empreses adherides a l\u2019esmentat acord garanteixen que les dades transferides s\u00f3n tractats amb un nivell de protecci\u00f3 d\u2019acord amb la normativa europea.<\/p>\n<p style=\"text-align: left\">\n<p style=\"text-align: left\">Aix\u00ed mateix, La Moianesa informa a l\u2019usuari que t\u00e9 la possibilitat de configurar el seu navegador de manera que se l\u2019informi de la recepci\u00f3 de cookies, podent, si aix\u00ed ho desitja, impedir que siguin instal\u00b7lades en el seu disc dur.<\/p>\n<p style=\"text-align: left\">\n<p style=\"text-align: left\">\n<p style=\"text-align: left\">CAST<\/p>\n<p style=\"text-align: left\"><strong>Pol\u00edtica de cookies<\/strong><\/p>\n<p style=\"text-align: left\">Una Cookie es un fichero que se descarga en su ordenador al acceder a determinadas p\u00e1ginas web. Las cookies permiten a una p\u00e1gina web, entre otras cosas, almacenar y recuperar informaci\u00f3n sobre los h\u00e1bitos de navegaci\u00f3n de un usuario o de su equipo y, dependiendo de la informaci\u00f3n que contenga y de la forma en que utilice su equipo, pueden utilizarse para reconocer al usuario.<\/p>\n<p style=\"text-align: left\">\n<p style=\"text-align: left\">Las cookies son esenciales para el funcionamiento de internet, aportando innumerables ventajas en la prestaci\u00f3n de servicios interactivos, facilit\u00e1ndole la navegaci\u00f3n y usabilidad de nuestra web.<\/p>\n<p style=\"text-align: left\">\n<p style=\"text-align: left\">La informaci\u00f3n que le proporcionamos a continuaci\u00f3n, le ayudar\u00e1 a comprender los diferentes tipos de cookies:<\/p>\n<ol style=\"text-align: left\">\n<li>Seg\u00fan la entidad que las gestione<\/li>\n<\/ol>\n<p style=\"text-align: left\">Cookies propias: Son aquellas que se recaban por el propio editor para prestar el servicio solicitado por el usuario.<\/p>\n<p style=\"text-align: left\">Cookies de tercero: Son aquellas que son recabadas y gestionadas por un tercero, estas no se pueden considerar propias.<\/p>\n<p style=\"text-align: left\">\n<ol start=\"2\" style=\"text-align: left\">\n<li>Seg\u00fan el plazo de tiempo que permanezcan activadas<\/li>\n<\/ol>\n<p style=\"text-align: left\">Cookies de sesi\u00f3n: Recaban datos mientras el usuario navega por la red con la finalidad de prestar el servicio solicitado.<\/p>\n<p style=\"text-align: left\">Cookies persistentes: Se almacenan en el terminal y la informaci\u00f3n obtenida, ser\u00e1 utilizada por el responsable de la cookie con la finalidad de prestar el servicio solicitado.<\/p>\n<p style=\"text-align: left\">\n<ol start=\"3\" style=\"text-align: left\">\n<li>Seg\u00fan su finalidad<\/li>\n<\/ol>\n<p style=\"text-align: left\">Cookies t\u00e9cnicas: Son las necesarias para la correcta navegaci\u00f3n por la web.<\/p>\n<p style=\"text-align: left\">Cookies de personalizaci\u00f3n: Permiten al usuario las caracter\u00edsticas (idioma) para la navegaci\u00f3n por la website.<\/p>\n<p style=\"text-align: left\">Cookies de an\u00e1lisis: Permiten al prestador el an\u00e1lisis vinculado a la navegaci\u00f3n realizada por el usuario, con la finalidad de llevar un seguimiento de uso de la p\u00e1gina web, as\u00ed como realizar estad\u00edsticas de los contenidos m\u00e1s visitados, n\u00famero de visitantes, etc.<\/p>\n<p style=\"text-align: left\">Cookies publicitarias: Permiten al editor incluir en la web, espacios publicitarios, seg\u00fan el contenido de la propia web.<\/p>\n<p style=\"text-align: left\">Cookies de publicidad comportamental: Permiten al editor incluir en la p\u00e1gina web espacios publicitarios seg\u00fan la informaci\u00f3n obtenida a trav\u00e9s de los h\u00e1bitos de navegaci\u00f3n del usuario.<\/p>\n<p style=\"text-align: left\">\n<p style=\"text-align: left\">Seg\u00fan lo dispuesto en el art\u00edculo 22.2 de la Ley 34\/2002, de 11 de julio, de Servicios de la Sociedad de la Informaci\u00f3n y de Comercio Electr\u00f3nico (LSSI-CE), La Moianesa informa de las cookies utilizadas en nuestra website: Cookies de an\u00e1lisis de terceros.<\/p>\n<p style=\"text-align: left\">\n<p style=\"text-align: left\">Le informamos que el website utiliza Google Analytics, un servicio de anal\u00edtica web prestado por Google Inc., el cual ubica una serie de cookies en su dispositivo con la exclusiva finalidad de evaluar el tipo de navegaci\u00f3n y presentar informes de actividad en la website, exactamente son cuatro cookies por defecto.<\/p>\n<p style=\"text-align: left\">\n<p style=\"text-align: left\">La captaci\u00f3n de la informaci\u00f3n sobre el uso de este sitio web por nuestros usuarios a trav\u00e9s de Google Analytics s\u00f3lo la hace Google Inc. en su propio nombre (y no lo hace ni en nuestro nombre ni por nuestra cuenta), no teniendo acceso en ning\u00fan momento a tal informaci\u00f3n (sino tan s\u00f3lo a informaci\u00f3n agregada que le facilita posteriormente Google y que no est\u00e1 asociada a ninguna direcci\u00f3n IP). As\u00ed mismo es Google quien determina la finalidad del tratamiento y uso de la informaci\u00f3n captada, as\u00ed como el funcionamiento y duraci\u00f3n de las cookies. Google Inc. es una empresa adherida al Acuerdo de Puerto Seguro (Ficha de registro de Google en el Acuerdo de Puerto Seguro) que almacena la informaci\u00f3n recogida por las cookies en sus servidores ubicados en Estados Unidos. Las empresas adheridas al citado acuerdo garantizan que los datos transferidos son tratados con un nivel de protecci\u00f3n acorde a la normativa europea.<\/p>\n<p style=\"text-align: left\">\n<p style=\"text-align: left\">Asimismo, La Moianesa informa al usuario de que tiene la posibilidad de configurar su navegador de modo que se le informe de la recepci\u00f3n de cookies, pudiendo, si as\u00ed lo desea, impedir que sean instaladas en su disco duro.<\/p>\n<p style=\"text-align: left\">[\/et_pb_text][\/et_pb_column][\/et_pb_row][\/et_pb_section]<\/p>\n","protected":false},"excerpt":{"rendered":"<p>Pol\u00edtica de cookiesUna Cookie \u00e9s un fitxer que es descarrega al seu ordinador en accedir a determinades p\u00e0gines web. Les cookies permeten a una p\u00e0gina web, entre altres coses, emmagatzemar i recuperar informaci\u00f3 sobre els h\u00e0bits de navegaci\u00f3 d\u2019un usuari o del seu equip i, depenent de la informaci\u00f3 que contingui i de la forma [&hellip;]<\/p>\n","protected":false},"author":1,"featured_media":0,"parent":0,"menu_order":0,"comment_status":"closed","ping_status":"closed","template":"","meta":{"_et_pb_use_builder":"on","_et_pb_old_content":"","_et_gb_content_width":"","footnotes":""},"_links":{"self":[{"href":"https:\/\/www.lamoianesa.com\/es\/wp-json\/wp\/v2\/pages\/906"}],"collection":[{"href":"https:\/\/www.lamoianesa.com\/es\/wp-json\/wp\/v2\/pages"}],"about":[{"href":"https:\/\/www.lamoianesa.com\/es\/wp-json\/wp\/v2\/types\/page"}],"author":[{"embeddable":true,"href":"https:\/\/www.lamoianesa.com\/es\/wp-json\/wp\/v2\/users\/1"}],"replies":[{"embeddable":true,"href":"https:\/\/www.lamoianesa.com\/es\/wp-json\/wp\/v2\/comments?post=906"}],"version-history":[{"count":6,"href":"https:\/\/www.lamoianesa.com\/es\/wp-json\/wp\/v2\/pages\/906\/revisions"}],"predecessor-version":[{"id":912,"href":"https:\/\/www.lamoianesa.com\/es\/wp-json\/wp\/v2\/pages\/906\/revisions\/912"}],"wp:attachment":[{"href":"https:\/\/www.lamoianesa.com\/es\/wp-json\/wp\/v2\/media?parent=906"}],"curies":[{"name":"wp","href":"https:\/\/api.w.org\/{rel}","templated":true}]}}